{"id":996,"date":"2020-09-04T11:09:29","date_gmt":"2020-09-04T10:09:29","guid":{"rendered":"https:\/\/www.hankamp.nl\/?page_id=996"},"modified":"2024-04-29T12:29:39","modified_gmt":"2024-04-29T11:29:39","slug":"productieproces","status":"publish","type":"page","link":"https:\/\/www.hankamp.nl\/de\/uber-hankamp\/productieproces\/","title":{"rendered":"Produktionsverfahren"},"content":{"rendered":"<p>Produktionsverfahren<br \/>\nHankamp Gears hat sich, auch dank seines modernen CNC-Maschinenparks, auf die Herstellung von Zahnr\u00e4dern mit Toleranzen von <strong>&lt;1\u03bcm<\/strong> spezialisiert. Der gesamte Produktionsprozess findet im Haus statt, vom S\u00e4gen bis zum Schleifen der Zahnr\u00e4der:<\/p>\n<p>Fr\u00e4sen .<br \/>\nDrehen<br \/>\nSchleifen<br \/>\nHonen<br \/>\nFunken<br \/>\nR\u00e4umen<br \/>\nStossen<br \/>\nLasergravur<\/p>\n<p>Unser <strong>Maschinenpark<\/strong> reagiert st\u00e4ndig auf die neuesten Trends in der Metallbranche und nimmt diese vorweg. So ist unsere Innen- und Au\u00dfenschleiferei eine der modernsten in den Niederlanden. Au\u00dferdem stehen in der Werkstatt unter anderem die folgenden CNC-Maschinen:<\/p>\n<p>Mazak J200 Integrex<br \/>\nHardinge T42<br \/>\nMazak Megaturn 500M<br \/>\nMazak i500<br \/>\nMazak Quadrex<br \/>\nDMG Mori NLX2000\/500<br \/>\nReishauer RZ260<br \/>\nKoepfer HLC 150<br \/>\nLiebherr LC280<br \/>\nZu den j\u00fcngsten Investitionen geh\u00f6ren:<\/p>\n<p>Studer S33 Rundschleifmaschine<br \/>\nStuder S100 Innenschleifmaschine<\/p>\n<p><img decoding=\"async\" src=\"https:\/\/www.hankamp.nl\/wp-content\/uploads\/2021\/03\/Reishauer-RZ160-1-300x230.gif\" \/><\/p>","protected":false},"excerpt":{"rendered":"<p>Produktionsverfahren Hankamp Gears hat sich, auch dank seines modernen CNC-Maschinenparks, auf die Herstellung von Zahnr&auml;dern mit Toleranzen von &lt;1&mu;m spezialisiert. Der gesamte Produktionsprozess findet im Haus statt, vom S&auml;gen bis zum Schleifen der Zahnr&auml;der: Fr&auml;sen . Drehen Schleifen Honen Funken R&auml;umen Stossen Lasergravur Unser Maschinenpark reagiert st&auml;ndig auf die neuesten Trends in der Metallbranche und [&hellip;]<\/p>\n","protected":false},"author":5,"featured_media":0,"parent":55,"menu_order":0,"comment_status":"closed","ping_status":"closed","template":"","meta":{"footnotes":""},"yoast_head":"<!-- This site is optimized with the Yoast SEO plugin v22.5 - https:\/\/yoast.com\/wordpress\/plugins\/seo\/ -->\n<title>Produktionsverfahren - Hankamp Gears<\/title>\n<meta name=\"robots\" content=\"index, follow, max-snippet:-1, max-image-preview:large, max-video-preview:-1\" \/>\n<link rel=\"canonical\" href=\"https:\/\/www.hankamp.nl\/over-hankamp\/productieproces\/\" \/>\n<meta property=\"og:locale\" content=\"de_DE\" \/>\n<meta property=\"og:type\" content=\"article\" \/>\n<meta property=\"og:title\" content=\"[:nl]Productieproces[:en]Production Process[:de]Produktionsverfahren[:] - Hankamp Gears\" \/>\n<meta property=\"og:description\" content=\"Produktionsverfahren Hankamp Gears hat sich, auch dank seines modernen CNC-Maschinenparks, auf die Herstellung von Zahnr&auml;dern mit Toleranzen von &lt;1&mu;m spezialisiert. Der gesamte Produktionsprozess findet im Haus statt, vom S&auml;gen bis zum Schleifen der Zahnr&auml;der: Fr&auml;sen . Drehen Schleifen Honen Funken R&auml;umen Stossen Lasergravur Unser Maschinenpark reagiert st&auml;ndig auf die neuesten Trends in der Metallbranche und [&hellip;]\" \/>\n<meta property=\"og:url\" content=\"https:\/\/www.hankamp.nl\/over-hankamp\/productieproces\/\" \/>\n<meta property=\"og:site_name\" content=\"Hankamp Gears\" \/>\n<meta property=\"article:modified_time\" content=\"2024-04-29T11:29:39+00:00\" \/>\n<meta property=\"og:image\" content=\"https:\/\/www.hankamp.nl\/wp-content\/uploads\/2021\/03\/Reishauer-RZ160-300x230.gif\" \/>\n<meta name=\"twitter:label1\" content=\"Gesch\u00e4tzte Lesezeit\" \/>\n\t<meta name=\"twitter:data1\" content=\"3\u00a0Minuten\" \/>\n<script type=\"application\/ld+json\" class=\"yoast-schema-graph\">{\"@context\":\"https:\/\/schema.org\",\"@graph\":[{\"@type\":\"WebPage\",\"@id\":\"https:\/\/www.hankamp.nl\/over-hankamp\/productieproces\/\",\"url\":\"https:\/\/www.hankamp.nl\/over-hankamp\/productieproces\/\",\"name\":\"[:nl]Productieproces[:en]Production Process[:de]Produktionsverfahren[:] - Hankamp Gears\",\"isPartOf\":{\"@id\":\"https:\/\/www.hankamp.nl\/#website\"},\"primaryImageOfPage\":{\"@id\":\"https:\/\/www.hankamp.nl\/over-hankamp\/productieproces\/#primaryimage\"},\"image\":{\"@id\":\"https:\/\/www.hankamp.nl\/over-hankamp\/productieproces\/#primaryimage\"},\"thumbnailUrl\":\"https:\/\/www.hankamp.nl\/wp-content\/uploads\/2021\/03\/Reishauer-RZ160-300x230.gif\",\"datePublished\":\"2020-09-04T10:09:29+00:00\",\"dateModified\":\"2024-04-29T11:29:39+00:00\",\"breadcrumb\":{\"@id\":\"https:\/\/www.hankamp.nl\/over-hankamp\/productieproces\/#breadcrumb\"},\"inLanguage\":\"de\",\"potentialAction\":[{\"@type\":\"ReadAction\",\"target\":[\"https:\/\/www.hankamp.nl\/over-hankamp\/productieproces\/\"]}]},{\"@type\":\"ImageObject\",\"inLanguage\":\"de\",\"@id\":\"https:\/\/www.hankamp.nl\/over-hankamp\/productieproces\/#primaryimage\",\"url\":\"https:\/\/www.hankamp.nl\/wp-content\/uploads\/2021\/03\/Reishauer-RZ160-300x230.gif\",\"contentUrl\":\"https:\/\/www.hankamp.nl\/wp-content\/uploads\/2021\/03\/Reishauer-RZ160-300x230.gif\"},{\"@type\":\"BreadcrumbList\",\"@id\":\"https:\/\/www.hankamp.nl\/over-hankamp\/productieproces\/#breadcrumb\",\"itemListElement\":[{\"@type\":\"ListItem\",\"position\":1,\"name\":\"Home\",\"item\":\"https:\/\/www.hankamp.nl\/\"},{\"@type\":\"ListItem\",\"position\":2,\"name\":\"Over Hankamp\",\"item\":\"https:\/\/www.hankamp.nl\/over-hankamp\/\"},{\"@type\":\"ListItem\",\"position\":3,\"name\":\"Productieproces\"}]},{\"@type\":\"WebSite\",\"@id\":\"https:\/\/www.hankamp.nl\/#website\",\"url\":\"https:\/\/www.hankamp.nl\/\",\"name\":\"Hankamp Gears\",\"description\":\"115 years experience and more\",\"potentialAction\":[{\"@type\":\"SearchAction\",\"target\":{\"@type\":\"EntryPoint\",\"urlTemplate\":\"https:\/\/www.hankamp.nl\/?s={search_term_string}\"},\"query-input\":\"required name=search_term_string\"}],\"inLanguage\":\"de\"}]}<\/script>\n<!-- \/ Yoast SEO plugin. -->","yoast_head_json":{"title":"[:nl]Productieproces[:en]Production Process[:de]Produktionsverfahren[:] - Hankamp Gears","robots":{"index":"index","follow":"follow","max-snippet":"max-snippet:-1","max-image-preview":"max-image-preview:large","max-video-preview":"max-video-preview:-1"},"canonical":"https:\/\/www.hankamp.nl\/over-hankamp\/productieproces\/","og_locale":"de_DE","og_type":"article","og_title":"[:nl]Productieproces[:en]Production Process[:de]Produktionsverfahren[:] - Hankamp Gears","og_description":"Produktionsverfahren Hankamp Gears hat sich, auch dank seines modernen CNC-Maschinenparks, auf die Herstellung von Zahnr&auml;dern mit Toleranzen von &lt;1&mu;m spezialisiert. Der gesamte Produktionsprozess findet im Haus statt, vom S&auml;gen bis zum Schleifen der Zahnr&auml;der: Fr&auml;sen . Drehen Schleifen Honen Funken R&auml;umen Stossen Lasergravur Unser Maschinenpark reagiert st&auml;ndig auf die neuesten Trends in der Metallbranche und [&hellip;]","og_url":"https:\/\/www.hankamp.nl\/over-hankamp\/productieproces\/","og_site_name":"Hankamp Gears","article_modified_time":"2024-04-29T11:29:39+00:00","og_image":[{"url":"https:\/\/www.hankamp.nl\/wp-content\/uploads\/2021\/03\/Reishauer-RZ160-300x230.gif"}],"twitter_misc":{"Gesch\u00e4tzte Lesezeit":"3\u00a0Minuten"},"schema":{"@context":"https:\/\/schema.org","@graph":[{"@type":"WebPage","@id":"https:\/\/www.hankamp.nl\/over-hankamp\/productieproces\/","url":"https:\/\/www.hankamp.nl\/over-hankamp\/productieproces\/","name":"[:nl]Productieproces[:en]Production Process[:de]Produktionsverfahren[:] - Hankamp Gears","isPartOf":{"@id":"https:\/\/www.hankamp.nl\/#website"},"primaryImageOfPage":{"@id":"https:\/\/www.hankamp.nl\/over-hankamp\/productieproces\/#primaryimage"},"image":{"@id":"https:\/\/www.hankamp.nl\/over-hankamp\/productieproces\/#primaryimage"},"thumbnailUrl":"https:\/\/www.hankamp.nl\/wp-content\/uploads\/2021\/03\/Reishauer-RZ160-300x230.gif","datePublished":"2020-09-04T10:09:29+00:00","dateModified":"2024-04-29T11:29:39+00:00","breadcrumb":{"@id":"https:\/\/www.hankamp.nl\/over-hankamp\/productieproces\/#breadcrumb"},"inLanguage":"de","potentialAction":[{"@type":"ReadAction","target":["https:\/\/www.hankamp.nl\/over-hankamp\/productieproces\/"]}]},{"@type":"ImageObject","inLanguage":"de","@id":"https:\/\/www.hankamp.nl\/over-hankamp\/productieproces\/#primaryimage","url":"https:\/\/www.hankamp.nl\/wp-content\/uploads\/2021\/03\/Reishauer-RZ160-300x230.gif","contentUrl":"https:\/\/www.hankamp.nl\/wp-content\/uploads\/2021\/03\/Reishauer-RZ160-300x230.gif"},{"@type":"BreadcrumbList","@id":"https:\/\/www.hankamp.nl\/over-hankamp\/productieproces\/#breadcrumb","itemListElement":[{"@type":"ListItem","position":1,"name":"Home","item":"https:\/\/www.hankamp.nl\/"},{"@type":"ListItem","position":2,"name":"Over Hankamp","item":"https:\/\/www.hankamp.nl\/over-hankamp\/"},{"@type":"ListItem","position":3,"name":"Productieproces"}]},{"@type":"WebSite","@id":"https:\/\/www.hankamp.nl\/#website","url":"https:\/\/www.hankamp.nl\/","name":"Hankamp Gears","description":"115 years experience and more","potentialAction":[{"@type":"SearchAction","target":{"@type":"EntryPoint","urlTemplate":"https:\/\/www.hankamp.nl\/?s={search_term_string}"},"query-input":"required name=search_term_string"}],"inLanguage":"de"}]}},"_links":{"self":[{"href":"https:\/\/www.hankamp.nl\/de\/wp-json\/wp\/v2\/pages\/996"}],"collection":[{"href":"https:\/\/www.hankamp.nl\/de\/wp-json\/wp\/v2\/pages"}],"about":[{"href":"https:\/\/www.hankamp.nl\/de\/wp-json\/wp\/v2\/types\/page"}],"author":[{"embeddable":true,"href":"https:\/\/www.hankamp.nl\/de\/wp-json\/wp\/v2\/users\/5"}],"replies":[{"embeddable":true,"href":"https:\/\/www.hankamp.nl\/de\/wp-json\/wp\/v2\/comments?post=996"}],"version-history":[{"count":32,"href":"https:\/\/www.hankamp.nl\/de\/wp-json\/wp\/v2\/pages\/996\/revisions"}],"predecessor-version":[{"id":1279,"href":"https:\/\/www.hankamp.nl\/de\/wp-json\/wp\/v2\/pages\/996\/revisions\/1279"}],"up":[{"embeddable":true,"href":"https:\/\/www.hankamp.nl\/de\/wp-json\/wp\/v2\/pages\/55"}],"wp:attachment":[{"href":"https:\/\/www.hankamp.nl\/de\/wp-json\/wp\/v2\/media?parent=996"}],"curies":[{"name":"wp","href":"https:\/\/api.w.org\/{rel}","templated":true}]}}