{"id":898,"date":"2020-02-04T11:49:38","date_gmt":"2020-02-04T10:49:38","guid":{"rendered":"https:\/\/www.hankamp.nl\/?page_id=898"},"modified":"2025-09-19T07:56:02","modified_gmt":"2025-09-19T06:56:02","slug":"innovatie","status":"publish","type":"page","link":"https:\/\/www.hankamp.nl\/de\/innovation\/","title":{"rendered":"Neuigkeiten"},"content":{"rendered":"<p><strong>Stolze Partner<\/strong><\/p>\n<p>Stillstand ist R\u00fcckschritt. Deshalb sind wir stolz darauf, einen Beitrag zu innovativen und nachhaltigen Projekten wie Electric SuperBike Twente, DUT und Green Team Twente zu leisten. Obwohl jedes Projekt seinen eigenen Schwerpunkt hat, haben sie eines gemeinsam: die Gesichter sind alle in die gleiche Richtung gerichtet. Jedes Teammitglied tr\u00e4gt mit seinem (wissenschaftlichen) Hintergrundwissen in einzigartiger Weise zum jeweiligen Projekt bei. Kurzum, ein perfektes Beispiel f\u00fcr die B\u00fcndelung von Kr\u00e4ften und Wissen mit einem wichtigen Ziel: schneller als der Schnellste zu sein, und das auf die effizienteste Weise.<\/p>\n<p>.<\/p>","protected":false},"excerpt":{"rendered":"<p>Stolze Partner Stillstand ist R&uuml;ckschritt. Deshalb sind wir stolz darauf, einen Beitrag zu innovativen und nachhaltigen Projekten wie Electric SuperBike Twente, DUT und Green Team Twente zu leisten. Obwohl jedes Projekt seinen eigenen Schwerpunkt hat, haben sie eines gemeinsam: die Gesichter sind alle in die gleiche Richtung gerichtet. Jedes Teammitglied tr&auml;gt mit seinem (wissenschaftlichen) Hintergrundwissen [&hellip;]<\/p>\n","protected":false},"author":5,"featured_media":0,"parent":0,"menu_order":6,"comment_status":"closed","ping_status":"closed","template":"","meta":{"footnotes":""},"yoast_head":"<!-- This site is optimized with the Yoast SEO plugin v22.5 - https:\/\/yoast.com\/wordpress\/plugins\/seo\/ -->\n<title>Neuigkeiten - Hankamp Gears<\/title>\n<meta name=\"robots\" content=\"index, follow, max-snippet:-1, max-image-preview:large, max-video-preview:-1\" \/>\n<link rel=\"canonical\" href=\"https:\/\/www.hankamp.nl\/innovatie\/\" \/>\n<meta property=\"og:locale\" content=\"de_DE\" \/>\n<meta property=\"og:type\" content=\"article\" \/>\n<meta property=\"og:title\" content=\"[:nl]Nieuws[:en]News[:de]Neuigkeiten[:] - Hankamp Gears\" \/>\n<meta property=\"og:description\" content=\"Stolze Partner Stillstand ist R&uuml;ckschritt. Deshalb sind wir stolz darauf, einen Beitrag zu innovativen und nachhaltigen Projekten wie Electric SuperBike Twente, DUT und Green Team Twente zu leisten. Obwohl jedes Projekt seinen eigenen Schwerpunkt hat, haben sie eines gemeinsam: die Gesichter sind alle in die gleiche Richtung gerichtet. Jedes Teammitglied tr&auml;gt mit seinem (wissenschaftlichen) Hintergrundwissen [&hellip;]\" \/>\n<meta property=\"og:url\" content=\"https:\/\/www.hankamp.nl\/innovatie\/\" \/>\n<meta property=\"og:site_name\" content=\"Hankamp Gears\" \/>\n<meta property=\"article:modified_time\" content=\"2025-09-19T06:56:02+00:00\" \/>\n<meta name=\"twitter:label1\" content=\"Gesch\u00e4tzte Lesezeit\" \/>\n\t<meta name=\"twitter:data1\" content=\"2\u00a0Minuten\" \/>\n<script type=\"application\/ld+json\" class=\"yoast-schema-graph\">{\"@context\":\"https:\/\/schema.org\",\"@graph\":[{\"@type\":\"WebPage\",\"@id\":\"https:\/\/www.hankamp.nl\/innovatie\/\",\"url\":\"https:\/\/www.hankamp.nl\/innovatie\/\",\"name\":\"[:nl]Nieuws[:en]News[:de]Neuigkeiten[:] - Hankamp Gears\",\"isPartOf\":{\"@id\":\"https:\/\/www.hankamp.nl\/#website\"},\"datePublished\":\"2020-02-04T10:49:38+00:00\",\"dateModified\":\"2025-09-19T06:56:02+00:00\",\"breadcrumb\":{\"@id\":\"https:\/\/www.hankamp.nl\/innovatie\/#breadcrumb\"},\"inLanguage\":\"de\",\"potentialAction\":[{\"@type\":\"ReadAction\",\"target\":[\"https:\/\/www.hankamp.nl\/innovatie\/\"]}]},{\"@type\":\"BreadcrumbList\",\"@id\":\"https:\/\/www.hankamp.nl\/innovatie\/#breadcrumb\",\"itemListElement\":[{\"@type\":\"ListItem\",\"position\":1,\"name\":\"Home\",\"item\":\"https:\/\/www.hankamp.nl\/\"},{\"@type\":\"ListItem\",\"position\":2,\"name\":\"[:nl]Nieuws[:en]News[:de]Neuigkeiten[:]\"}]},{\"@type\":\"WebSite\",\"@id\":\"https:\/\/www.hankamp.nl\/#website\",\"url\":\"https:\/\/www.hankamp.nl\/\",\"name\":\"Hankamp Gears\",\"description\":\"115 years experience and more\",\"potentialAction\":[{\"@type\":\"SearchAction\",\"target\":{\"@type\":\"EntryPoint\",\"urlTemplate\":\"https:\/\/www.hankamp.nl\/?s={search_term_string}\"},\"query-input\":\"required name=search_term_string\"}],\"inLanguage\":\"de\"}]}<\/script>\n<!-- \/ Yoast SEO plugin. -->","yoast_head_json":{"title":"[:nl]Nieuws[:en]News[:de]Neuigkeiten[:] - Hankamp Gears","robots":{"index":"index","follow":"follow","max-snippet":"max-snippet:-1","max-image-preview":"max-image-preview:large","max-video-preview":"max-video-preview:-1"},"canonical":"https:\/\/www.hankamp.nl\/innovatie\/","og_locale":"de_DE","og_type":"article","og_title":"[:nl]Nieuws[:en]News[:de]Neuigkeiten[:] - Hankamp Gears","og_description":"Stolze Partner Stillstand ist R&uuml;ckschritt. Deshalb sind wir stolz darauf, einen Beitrag zu innovativen und nachhaltigen Projekten wie Electric SuperBike Twente, DUT und Green Team Twente zu leisten. Obwohl jedes Projekt seinen eigenen Schwerpunkt hat, haben sie eines gemeinsam: die Gesichter sind alle in die gleiche Richtung gerichtet. Jedes Teammitglied tr&auml;gt mit seinem (wissenschaftlichen) Hintergrundwissen [&hellip;]","og_url":"https:\/\/www.hankamp.nl\/innovatie\/","og_site_name":"Hankamp Gears","article_modified_time":"2025-09-19T06:56:02+00:00","twitter_misc":{"Gesch\u00e4tzte Lesezeit":"2\u00a0Minuten"},"schema":{"@context":"https:\/\/schema.org","@graph":[{"@type":"WebPage","@id":"https:\/\/www.hankamp.nl\/innovatie\/","url":"https:\/\/www.hankamp.nl\/innovatie\/","name":"[:nl]Nieuws[:en]News[:de]Neuigkeiten[:] - Hankamp Gears","isPartOf":{"@id":"https:\/\/www.hankamp.nl\/#website"},"datePublished":"2020-02-04T10:49:38+00:00","dateModified":"2025-09-19T06:56:02+00:00","breadcrumb":{"@id":"https:\/\/www.hankamp.nl\/innovatie\/#breadcrumb"},"inLanguage":"de","potentialAction":[{"@type":"ReadAction","target":["https:\/\/www.hankamp.nl\/innovatie\/"]}]},{"@type":"BreadcrumbList","@id":"https:\/\/www.hankamp.nl\/innovatie\/#breadcrumb","itemListElement":[{"@type":"ListItem","position":1,"name":"Home","item":"https:\/\/www.hankamp.nl\/"},{"@type":"ListItem","position":2,"name":"[:nl]Nieuws[:en]News[:de]Neuigkeiten[:]"}]},{"@type":"WebSite","@id":"https:\/\/www.hankamp.nl\/#website","url":"https:\/\/www.hankamp.nl\/","name":"Hankamp Gears","description":"115 years experience and more","potentialAction":[{"@type":"SearchAction","target":{"@type":"EntryPoint","urlTemplate":"https:\/\/www.hankamp.nl\/?s={search_term_string}"},"query-input":"required name=search_term_string"}],"inLanguage":"de"}]}},"_links":{"self":[{"href":"https:\/\/www.hankamp.nl\/de\/wp-json\/wp\/v2\/pages\/898"}],"collection":[{"href":"https:\/\/www.hankamp.nl\/de\/wp-json\/wp\/v2\/pages"}],"about":[{"href":"https:\/\/www.hankamp.nl\/de\/wp-json\/wp\/v2\/types\/page"}],"author":[{"embeddable":true,"href":"https:\/\/www.hankamp.nl\/de\/wp-json\/wp\/v2\/users\/5"}],"replies":[{"embeddable":true,"href":"https:\/\/www.hankamp.nl\/de\/wp-json\/wp\/v2\/comments?post=898"}],"version-history":[{"count":16,"href":"https:\/\/www.hankamp.nl\/de\/wp-json\/wp\/v2\/pages\/898\/revisions"}],"predecessor-version":[{"id":1336,"href":"https:\/\/www.hankamp.nl\/de\/wp-json\/wp\/v2\/pages\/898\/revisions\/1336"}],"wp:attachment":[{"href":"https:\/\/www.hankamp.nl\/de\/wp-json\/wp\/v2\/media?parent=898"}],"curies":[{"name":"wp","href":"https:\/\/api.w.org\/{rel}","templated":true}]}}