{"id":78,"date":"2015-03-31T15:07:49","date_gmt":"2015-03-31T14:07:49","guid":{"rendered":"http:\/\/37.252.121.216\/~deb00012\/?page_id=78"},"modified":"2025-09-19T07:56:02","modified_gmt":"2025-09-19T06:56:02","slug":"werken-bij-hankamp","status":"publish","type":"page","link":"https:\/\/www.hankamp.nl\/de\/arbeiten-bei-hankamp\/","title":{"rendered":"Arbeiten bei Hankamp"},"content":{"rendered":"<p>Wir sind immer auf der Suche nach gut ausgebildeten Mitarbeitern in der Produktion. Wenn Sie Interesse haben, schicken Sie uns gern Ihren Lebenslauf an die angegebene E-Mailadresse.<\/p>\n<p>Hankamp Gears ist eine anerkanntes Unternehmen f\u00fcr Ausbildung und Praktikum.\u00a0In Zusammenarbeit mit verschiedenen Schulen, bieten wir zahlreiche Entwicklungs- bzw. Weiterbildungsprogramme an. Junge Menschen erhalten bei uns nicht nur einen Eindruck von der Arbeit, sondern ebenso die M\u00f6glichkeit, sich weiterzuentwickeln und neue Herausforderungen zu meistern. Als\u00a0Familienunternehmen ist es uns wichtig, dass jeder Lehrling oder Praktikant seine eigene Entwicklung mitbestimmt &#8211; individuell gef\u00f6rdert durch die Gesch\u00e4ftsleitung.<\/p>\n<p>Hier eine Beispiele aus der Vergangenheit:<\/p>\n<p>Bart Rotting hat angefangen als Sch\u00fclerpraktikant. Schnell wurde klar, dass ihm besonders die praktische Arbeit lag. Mit einem Arbeitsvertrag in der Tasche begann er als Dreher. Nach einiger Zeit besuchte er zus\u00e4tzlich die Abendschule, um sich weiter zu qualifizieren. Er bediente dann die Schleifmaschinen.\u00a0Inzwischen ist er f\u00fcr alle Aktivit\u00e4ten in der Produktion in unserer neuen Produktionsst\u00e4tte verantwortlich. Er kontrolliert alle Arten von Maschinen wie MAZAK HPQ 150 MSY (Doppelrevolver \/ Doppelspindel), Verzahnungsmaschinen, Zahnradsto\u00dfmaschinen, funkenerodierende Ausr\u00fcstung sowie eine MAZAK NEXUS MY 350 mit einem automatischen, pneumatischen Laderoboter.<\/p>\n<p>Andre Bijker hat als CNC-Fr\u00e4ser begonnen. In der Zwischenzeit ist er zum Teamleiter in einer Production Cell f\u00fcr Woodward Inc.\u00a0und ist f\u00fcr den operativen Ablauf, die Personalplanung seiner Gruppe, f\u00fcr die Dokumentation sowie f\u00fcr die Beratung verantwortlich. Alles in allem ein sehr abwechslungsreicher Job, den er sehr gut managt. Die Teile, die sein Team anfertigt, sind f\u00fcr eine Anlage in China. Die einzige Sache, die Andre Bijker daher noch verbessern sollte, ist sein Chinesisch&#8230;<\/p>","protected":false},"excerpt":{"rendered":"<p>Wir sind immer auf der Suche nach gut ausgebildeten Mitarbeitern in der Produktion. Wenn Sie Interesse haben, schicken Sie uns gern Ihren Lebenslauf an die angegebene E-Mailadresse. Hankamp Gears ist eine anerkanntes Unternehmen f&uuml;r Ausbildung und Praktikum.&nbsp;In Zusammenarbeit mit verschiedenen Schulen, bieten wir zahlreiche Entwicklungs- bzw. Weiterbildungsprogramme an. Junge Menschen erhalten bei uns nicht nur [&hellip;]<\/p>\n","protected":false},"author":1,"featured_media":0,"parent":0,"menu_order":5,"comment_status":"open","ping_status":"closed","template":"page-vacatures.php","meta":{"footnotes":""},"yoast_head":"<!-- This site is optimized with the Yoast SEO plugin v22.5 - https:\/\/yoast.com\/wordpress\/plugins\/seo\/ -->\n<title>Arbeiten bei Hankamp - Hankamp Gears<\/title>\n<meta name=\"robots\" content=\"index, follow, max-snippet:-1, max-image-preview:large, max-video-preview:-1\" \/>\n<link rel=\"canonical\" href=\"https:\/\/www.hankamp.nl\/werken-bij-hankamp\/\" \/>\n<meta property=\"og:locale\" content=\"de_DE\" \/>\n<meta property=\"og:type\" content=\"article\" \/>\n<meta property=\"og:title\" content=\"[:nl]Vacatures bij Hankamp[:en]Working at Hankamp[:de]Arbeiten bei Hankamp[:] - Hankamp Gears\" \/>\n<meta property=\"og:description\" content=\"Wir sind immer auf der Suche nach gut ausgebildeten Mitarbeitern in der Produktion. Wenn Sie Interesse haben, schicken Sie uns gern Ihren Lebenslauf an die angegebene E-Mailadresse. Hankamp Gears ist eine anerkanntes Unternehmen f&uuml;r Ausbildung und Praktikum.&nbsp;In Zusammenarbeit mit verschiedenen Schulen, bieten wir zahlreiche Entwicklungs- bzw. Weiterbildungsprogramme an. Junge Menschen erhalten bei uns nicht nur [&hellip;]\" \/>\n<meta property=\"og:url\" content=\"https:\/\/www.hankamp.nl\/werken-bij-hankamp\/\" \/>\n<meta property=\"og:site_name\" content=\"Hankamp Gears\" \/>\n<meta property=\"article:modified_time\" content=\"2025-09-19T06:56:02+00:00\" \/>\n<meta property=\"og:image\" content=\"http:\/\/www.hankamp.nl\/wp-content\/uploads\/2018\/04\/sbb-beeldmerk-300x300.png\" \/>\n<meta name=\"twitter:label1\" content=\"Gesch\u00e4tzte Lesezeit\" \/>\n\t<meta name=\"twitter:data1\" content=\"4\u00a0Minuten\" \/>\n<script type=\"application\/ld+json\" class=\"yoast-schema-graph\">{\"@context\":\"https:\/\/schema.org\",\"@graph\":[{\"@type\":\"WebPage\",\"@id\":\"https:\/\/www.hankamp.nl\/werken-bij-hankamp\/\",\"url\":\"https:\/\/www.hankamp.nl\/werken-bij-hankamp\/\",\"name\":\"[:nl]Vacatures bij Hankamp[:en]Working at Hankamp[:de]Arbeiten bei Hankamp[:] - Hankamp Gears\",\"isPartOf\":{\"@id\":\"https:\/\/www.hankamp.nl\/#website\"},\"primaryImageOfPage\":{\"@id\":\"https:\/\/www.hankamp.nl\/werken-bij-hankamp\/#primaryimage\"},\"image\":{\"@id\":\"https:\/\/www.hankamp.nl\/werken-bij-hankamp\/#primaryimage\"},\"thumbnailUrl\":\"http:\/\/www.hankamp.nl\/wp-content\/uploads\/2018\/04\/sbb-beeldmerk-300x300.png\",\"datePublished\":\"2015-03-31T14:07:49+00:00\",\"dateModified\":\"2025-09-19T06:56:02+00:00\",\"breadcrumb\":{\"@id\":\"https:\/\/www.hankamp.nl\/werken-bij-hankamp\/#breadcrumb\"},\"inLanguage\":\"de\",\"potentialAction\":[{\"@type\":\"ReadAction\",\"target\":[\"https:\/\/www.hankamp.nl\/werken-bij-hankamp\/\"]}]},{\"@type\":\"ImageObject\",\"inLanguage\":\"de\",\"@id\":\"https:\/\/www.hankamp.nl\/werken-bij-hankamp\/#primaryimage\",\"url\":\"http:\/\/www.hankamp.nl\/wp-content\/uploads\/2018\/04\/sbb-beeldmerk-300x300.png\",\"contentUrl\":\"http:\/\/www.hankamp.nl\/wp-content\/uploads\/2018\/04\/sbb-beeldmerk-300x300.png\"},{\"@type\":\"BreadcrumbList\",\"@id\":\"https:\/\/www.hankamp.nl\/werken-bij-hankamp\/#breadcrumb\",\"itemListElement\":[{\"@type\":\"ListItem\",\"position\":1,\"name\":\"Home\",\"item\":\"https:\/\/www.hankamp.nl\/\"},{\"@type\":\"ListItem\",\"position\":2,\"name\":\"[:nl]Vacatures bij Hankamp[:en]Working at Hankamp[:de]Arbeiten bei Hankamp[:]\"}]},{\"@type\":\"WebSite\",\"@id\":\"https:\/\/www.hankamp.nl\/#website\",\"url\":\"https:\/\/www.hankamp.nl\/\",\"name\":\"Hankamp Gears\",\"description\":\"115 years experience and more\",\"potentialAction\":[{\"@type\":\"SearchAction\",\"target\":{\"@type\":\"EntryPoint\",\"urlTemplate\":\"https:\/\/www.hankamp.nl\/?s={search_term_string}\"},\"query-input\":\"required name=search_term_string\"}],\"inLanguage\":\"de\"}]}<\/script>\n<!-- \/ Yoast SEO plugin. -->","yoast_head_json":{"title":"[:nl]Vacatures bij Hankamp[:en]Working at Hankamp[:de]Arbeiten bei Hankamp[:] - Hankamp Gears","robots":{"index":"index","follow":"follow","max-snippet":"max-snippet:-1","max-image-preview":"max-image-preview:large","max-video-preview":"max-video-preview:-1"},"canonical":"https:\/\/www.hankamp.nl\/werken-bij-hankamp\/","og_locale":"de_DE","og_type":"article","og_title":"[:nl]Vacatures bij Hankamp[:en]Working at Hankamp[:de]Arbeiten bei Hankamp[:] - Hankamp Gears","og_description":"Wir sind immer auf der Suche nach gut ausgebildeten Mitarbeitern in der Produktion. Wenn Sie Interesse haben, schicken Sie uns gern Ihren Lebenslauf an die angegebene E-Mailadresse. Hankamp Gears ist eine anerkanntes Unternehmen f&uuml;r Ausbildung und Praktikum.&nbsp;In Zusammenarbeit mit verschiedenen Schulen, bieten wir zahlreiche Entwicklungs- bzw. Weiterbildungsprogramme an. Junge Menschen erhalten bei uns nicht nur [&hellip;]","og_url":"https:\/\/www.hankamp.nl\/werken-bij-hankamp\/","og_site_name":"Hankamp Gears","article_modified_time":"2025-09-19T06:56:02+00:00","og_image":[{"url":"http:\/\/www.hankamp.nl\/wp-content\/uploads\/2018\/04\/sbb-beeldmerk-300x300.png"}],"twitter_misc":{"Gesch\u00e4tzte Lesezeit":"4\u00a0Minuten"},"schema":{"@context":"https:\/\/schema.org","@graph":[{"@type":"WebPage","@id":"https:\/\/www.hankamp.nl\/werken-bij-hankamp\/","url":"https:\/\/www.hankamp.nl\/werken-bij-hankamp\/","name":"[:nl]Vacatures bij Hankamp[:en]Working at Hankamp[:de]Arbeiten bei Hankamp[:] - Hankamp Gears","isPartOf":{"@id":"https:\/\/www.hankamp.nl\/#website"},"primaryImageOfPage":{"@id":"https:\/\/www.hankamp.nl\/werken-bij-hankamp\/#primaryimage"},"image":{"@id":"https:\/\/www.hankamp.nl\/werken-bij-hankamp\/#primaryimage"},"thumbnailUrl":"http:\/\/www.hankamp.nl\/wp-content\/uploads\/2018\/04\/sbb-beeldmerk-300x300.png","datePublished":"2015-03-31T14:07:49+00:00","dateModified":"2025-09-19T06:56:02+00:00","breadcrumb":{"@id":"https:\/\/www.hankamp.nl\/werken-bij-hankamp\/#breadcrumb"},"inLanguage":"de","potentialAction":[{"@type":"ReadAction","target":["https:\/\/www.hankamp.nl\/werken-bij-hankamp\/"]}]},{"@type":"ImageObject","inLanguage":"de","@id":"https:\/\/www.hankamp.nl\/werken-bij-hankamp\/#primaryimage","url":"http:\/\/www.hankamp.nl\/wp-content\/uploads\/2018\/04\/sbb-beeldmerk-300x300.png","contentUrl":"http:\/\/www.hankamp.nl\/wp-content\/uploads\/2018\/04\/sbb-beeldmerk-300x300.png"},{"@type":"BreadcrumbList","@id":"https:\/\/www.hankamp.nl\/werken-bij-hankamp\/#breadcrumb","itemListElement":[{"@type":"ListItem","position":1,"name":"Home","item":"https:\/\/www.hankamp.nl\/"},{"@type":"ListItem","position":2,"name":"[:nl]Vacatures bij Hankamp[:en]Working at Hankamp[:de]Arbeiten bei Hankamp[:]"}]},{"@type":"WebSite","@id":"https:\/\/www.hankamp.nl\/#website","url":"https:\/\/www.hankamp.nl\/","name":"Hankamp Gears","description":"115 years experience and more","potentialAction":[{"@type":"SearchAction","target":{"@type":"EntryPoint","urlTemplate":"https:\/\/www.hankamp.nl\/?s={search_term_string}"},"query-input":"required name=search_term_string"}],"inLanguage":"de"}]}},"_links":{"self":[{"href":"https:\/\/www.hankamp.nl\/de\/wp-json\/wp\/v2\/pages\/78"}],"collection":[{"href":"https:\/\/www.hankamp.nl\/de\/wp-json\/wp\/v2\/pages"}],"about":[{"href":"https:\/\/www.hankamp.nl\/de\/wp-json\/wp\/v2\/types\/page"}],"author":[{"embeddable":true,"href":"https:\/\/www.hankamp.nl\/de\/wp-json\/wp\/v2\/users\/1"}],"replies":[{"embeddable":true,"href":"https:\/\/www.hankamp.nl\/de\/wp-json\/wp\/v2\/comments?post=78"}],"version-history":[{"count":60,"href":"https:\/\/www.hankamp.nl\/de\/wp-json\/wp\/v2\/pages\/78\/revisions"}],"predecessor-version":[{"id":1229,"href":"https:\/\/www.hankamp.nl\/de\/wp-json\/wp\/v2\/pages\/78\/revisions\/1229"}],"wp:attachment":[{"href":"https:\/\/www.hankamp.nl\/de\/wp-json\/wp\/v2\/media?parent=78"}],"curies":[{"name":"wp","href":"https:\/\/api.w.org\/{rel}","templated":true}]}}