{"id":658,"date":"2018-04-26T13:27:54","date_gmt":"2018-04-26T12:27:54","guid":{"rendered":"http:\/\/www.hankamp.nl\/?page_id=658"},"modified":"2025-01-28T17:41:23","modified_gmt":"2025-01-28T16:41:23","slug":"trotse-partners","status":"publish","type":"page","link":"https:\/\/www.hankamp.nl\/de\/uber-hankamp\/stolze-partner\/","title":{"rendered":"Innovation"},"content":{"rendered":"<p><strong>Stolze Partner<\/strong><\/p>\n\n\n\n<p>Stillstand ist R\u00fcckschritt. Deshalb sind wir stolz darauf, einen Beitrag zu innovativen und nachhaltigen Projekten wie Electric SuperBike Twente, DUT und Green Team Twente zu leisten. Obwohl jedes Projekt seinen eigenen Schwerpunkt hat, haben sie eines gemeinsam: die Gesichter sind alle in die gleiche Richtung gerichtet. Jedes Teammitglied tr\u00e4gt mit seinem (wissenschaftlichen) Hintergrundwissen in einzigartiger Weise zum jeweiligen Projekt bei. Kurzum, ein perfektes Beispiel f\u00fcr die B\u00fcndelung von Kr\u00e4ften und Wissen mit einem wichtigen Ziel: schneller als der Schnellste zu sein, und das auf die effizienteste Weise.<\/p>\n\n\n\n<p><a href=\"https:\/\/electricsuperbiketwente.nl\/\"><strong><em>Elektrisches Superbike Twente<\/em><\/strong><\/a><\/p>\n\n\n\n<p>Electric Superbike Twente besteht aus 15 begeisterten Studenten der Universit\u00e4t Twente (UT) und Saxion. Jeden Tag arbeiten sie hart an diesem einen Ziel: das schnellste Elektromotorrad zu bauen. Das Team arbeitet nicht nur eng zusammen, sondern wird auch von Doktoranden der UT, Lehrern von Saxion und Partnern unterst\u00fctzt. W\u00e4hrend die beiden erstgenannten Parteien dem Team haupts\u00e4chlich mit Ratschl\u00e4gen zur Seite stehen, tragen die Partner mit der Lieferung von Teilen bei. Hankamp Gears zum Beispiel hat mehrere Teile der Hauptwelle bearbeitet. <\/p>\n\n\n\n<figure class=\"wp-block-image size-large is-resized\"><a href=\"https:\/\/www.hankamp.nl\/wp-content\/uploads\/2021\/06\/2021-05-11_Electric_superbike_reveal-027-1-e1624264916103.jpg\"><img loading=\"lazy\" decoding=\"async\" width=\"1024\" height=\"543\" src=\"https:\/\/www.hankamp.nl\/wp-content\/uploads\/2021\/06\/2021-05-11_Electric_superbike_reveal-027-1-e1624264916103-1024x543.jpg\" alt=\"\" class=\"wp-image-1083\" style=\"aspect-ratio:1;object-fit:cover;width:200px\" srcset=\"https:\/\/www.hankamp.nl\/wp-content\/uploads\/2021\/06\/2021-05-11_Electric_superbike_reveal-027-1-e1624264916103-1024x543.jpg 1024w, https:\/\/www.hankamp.nl\/wp-content\/uploads\/2021\/06\/2021-05-11_Electric_superbike_reveal-027-1-e1624264916103-300x159.jpg 300w, https:\/\/www.hankamp.nl\/wp-content\/uploads\/2021\/06\/2021-05-11_Electric_superbike_reveal-027-1-e1624264916103-768x408.jpg 768w, https:\/\/www.hankamp.nl\/wp-content\/uploads\/2021\/06\/2021-05-11_Electric_superbike_reveal-027-1-e1624264916103.jpg 1758w\" sizes=\"(max-width: 1024px) 100vw, 1024px\" \/><\/a><\/figure>\n\n\n\n<p><a href=\"https:\/\/www.fsteamdelft.nl\/\"><strong><em>DUT<\/em><\/strong><\/a><\/p>\n\n\n\n<p>Wir sind shon ab 2013 partner fur Delft Racing team.  <\/p>\n\n\n\n<figure class=\"wp-block-image size-full is-resized\"><a href=\"https:\/\/www.hankamp.nl\/wp-content\/uploads\/2025\/01\/DUT.jpeg\"><img loading=\"lazy\" decoding=\"async\" width=\"800\" height=\"533\" src=\"https:\/\/www.hankamp.nl\/wp-content\/uploads\/2025\/01\/DUT.jpeg\" alt=\"\" class=\"wp-image-1366\" style=\"aspect-ratio:1;object-fit:cover;width:200px\" srcset=\"https:\/\/www.hankamp.nl\/wp-content\/uploads\/2025\/01\/DUT.jpeg 800w, https:\/\/www.hankamp.nl\/wp-content\/uploads\/2025\/01\/DUT-300x200.jpeg 300w, https:\/\/www.hankamp.nl\/wp-content\/uploads\/2025\/01\/DUT-768x512.jpeg 768w\" sizes=\"(max-width: 800px) 100vw, 800px\" \/><\/a><\/figure>\n\n\n\n<p><a href=\"https:\/\/www.hydriven.nl\/\"><strong><em>Hydriven Team<\/em><\/strong><\/a><\/p>\n\n\n\n<figure class=\"wp-block-image size-full is-resized\"><a href=\"https:\/\/www.hankamp.nl\/wp-content\/uploads\/2025\/01\/Groupphoto-official-juichen-extended.avif\"><img loading=\"lazy\" decoding=\"async\" width=\"800\" height=\"459\" src=\"https:\/\/www.hankamp.nl\/wp-content\/uploads\/2025\/01\/Groupphoto-official-juichen-extended.avif\" alt=\"\" class=\"wp-image-1356\" style=\"aspect-ratio:1;object-fit:cover;width:200px\"\/><\/a><\/figure>\n\n\n\n<p><a href=\"https:\/\/hydromotionteam.nl\/\"><em><strong>Delft Hydromotion team<\/strong><\/em><\/a><\/p>\n\n\n\n<figure class=\"wp-block-image size-full is-resized\"><a href=\"https:\/\/www.hankamp.nl\/wp-content\/uploads\/2025\/01\/Hydromotion-team.jpeg\"><img loading=\"lazy\" decoding=\"async\" width=\"300\" height=\"168\" src=\"https:\/\/www.hankamp.nl\/wp-content\/uploads\/2025\/01\/Hydromotion-team.jpeg\" alt=\"\" class=\"wp-image-1365\" style=\"aspect-ratio:1;object-fit:cover;width:200px\"\/><\/a><\/figure>\n\n\n\n<p>&nbsp;<\/p>","protected":false},"excerpt":{"rendered":"<p>Stolze Partner Stillstand ist R&uuml;ckschritt. Deshalb sind wir stolz darauf, einen Beitrag zu innovativen und nachhaltigen Projekten wie Electric SuperBike Twente, DUT und Green Team Twente zu leisten. Obwohl jedes Projekt seinen eigenen Schwerpunkt hat, haben sie eines gemeinsam: die Gesichter sind alle in die gleiche Richtung gerichtet. Jedes Teammitglied tr&auml;gt mit seinem (wissenschaftlichen) Hintergrundwissen [&hellip;]<\/p>\n","protected":false},"author":5,"featured_media":0,"parent":55,"menu_order":8,"comment_status":"closed","ping_status":"closed","template":"","meta":{"footnotes":""},"yoast_head":"<!-- This site is optimized with the Yoast SEO plugin v22.5 - https:\/\/yoast.com\/wordpress\/plugins\/seo\/ -->\n<title>Innovation - Hankamp Gears<\/title>\n<meta name=\"robots\" content=\"index, follow, max-snippet:-1, max-image-preview:large, max-video-preview:-1\" \/>\n<link rel=\"canonical\" href=\"https:\/\/www.hankamp.nl\/over-hankamp\/trotse-partners\/\" \/>\n<meta property=\"og:locale\" content=\"de_DE\" \/>\n<meta property=\"og:type\" content=\"article\" \/>\n<meta property=\"og:title\" content=\"[:nl]Innovatie[:en]Innovation[:de]Innovation[:] - Hankamp Gears\" \/>\n<meta property=\"og:description\" content=\"Stolze Partner Stillstand ist R&uuml;ckschritt. Deshalb sind wir stolz darauf, einen Beitrag zu innovativen und nachhaltigen Projekten wie Electric SuperBike Twente, DUT und Green Team Twente zu leisten. Obwohl jedes Projekt seinen eigenen Schwerpunkt hat, haben sie eines gemeinsam: die Gesichter sind alle in die gleiche Richtung gerichtet. Jedes Teammitglied tr&auml;gt mit seinem (wissenschaftlichen) Hintergrundwissen [&hellip;]\" \/>\n<meta property=\"og:url\" content=\"https:\/\/www.hankamp.nl\/over-hankamp\/trotse-partners\/\" \/>\n<meta property=\"og:site_name\" content=\"Hankamp Gears\" \/>\n<meta property=\"article:modified_time\" content=\"2025-01-28T16:41:23+00:00\" \/>\n<meta property=\"og:image\" content=\"http:\/\/www.hankamp.nl\/wp-content\/uploads\/2018\/05\/Electric-SuperBike_2018-300x203.jpg\" \/>\n<meta name=\"twitter:label1\" content=\"Gesch\u00e4tzte Lesezeit\" \/>\n\t<meta name=\"twitter:data1\" content=\"8\u00a0Minuten\" \/>\n<script type=\"application\/ld+json\" class=\"yoast-schema-graph\">{\"@context\":\"https:\/\/schema.org\",\"@graph\":[{\"@type\":\"WebPage\",\"@id\":\"https:\/\/www.hankamp.nl\/over-hankamp\/trotse-partners\/\",\"url\":\"https:\/\/www.hankamp.nl\/over-hankamp\/trotse-partners\/\",\"name\":\"[:nl]Innovatie[:en]Innovation[:de]Innovation[:] - Hankamp Gears\",\"isPartOf\":{\"@id\":\"https:\/\/www.hankamp.nl\/#website\"},\"primaryImageOfPage\":{\"@id\":\"https:\/\/www.hankamp.nl\/over-hankamp\/trotse-partners\/#primaryimage\"},\"image\":{\"@id\":\"https:\/\/www.hankamp.nl\/over-hankamp\/trotse-partners\/#primaryimage\"},\"thumbnailUrl\":\"http:\/\/www.hankamp.nl\/wp-content\/uploads\/2018\/05\/Electric-SuperBike_2018-300x203.jpg\",\"datePublished\":\"2018-04-26T12:27:54+00:00\",\"dateModified\":\"2025-01-28T16:41:23+00:00\",\"breadcrumb\":{\"@id\":\"https:\/\/www.hankamp.nl\/over-hankamp\/trotse-partners\/#breadcrumb\"},\"inLanguage\":\"de\",\"potentialAction\":[{\"@type\":\"ReadAction\",\"target\":[\"https:\/\/www.hankamp.nl\/over-hankamp\/trotse-partners\/\"]}]},{\"@type\":\"ImageObject\",\"inLanguage\":\"de\",\"@id\":\"https:\/\/www.hankamp.nl\/over-hankamp\/trotse-partners\/#primaryimage\",\"url\":\"http:\/\/www.hankamp.nl\/wp-content\/uploads\/2018\/05\/Electric-SuperBike_2018-300x203.jpg\",\"contentUrl\":\"http:\/\/www.hankamp.nl\/wp-content\/uploads\/2018\/05\/Electric-SuperBike_2018-300x203.jpg\"},{\"@type\":\"BreadcrumbList\",\"@id\":\"https:\/\/www.hankamp.nl\/over-hankamp\/trotse-partners\/#breadcrumb\",\"itemListElement\":[{\"@type\":\"ListItem\",\"position\":1,\"name\":\"Home\",\"item\":\"https:\/\/www.hankamp.nl\/\"},{\"@type\":\"ListItem\",\"position\":2,\"name\":\"Over Hankamp\",\"item\":\"https:\/\/www.hankamp.nl\/over-hankamp\/\"},{\"@type\":\"ListItem\",\"position\":3,\"name\":\"Innovatie\"}]},{\"@type\":\"WebSite\",\"@id\":\"https:\/\/www.hankamp.nl\/#website\",\"url\":\"https:\/\/www.hankamp.nl\/\",\"name\":\"Hankamp Gears\",\"description\":\"115 years experience and more\",\"potentialAction\":[{\"@type\":\"SearchAction\",\"target\":{\"@type\":\"EntryPoint\",\"urlTemplate\":\"https:\/\/www.hankamp.nl\/?s={search_term_string}\"},\"query-input\":\"required name=search_term_string\"}],\"inLanguage\":\"de\"}]}<\/script>\n<!-- \/ Yoast SEO plugin. -->","yoast_head_json":{"title":"[:nl]Innovatie[:en]Innovation[:de]Innovation[:] - Hankamp Gears","robots":{"index":"index","follow":"follow","max-snippet":"max-snippet:-1","max-image-preview":"max-image-preview:large","max-video-preview":"max-video-preview:-1"},"canonical":"https:\/\/www.hankamp.nl\/over-hankamp\/trotse-partners\/","og_locale":"de_DE","og_type":"article","og_title":"[:nl]Innovatie[:en]Innovation[:de]Innovation[:] - Hankamp Gears","og_description":"Stolze Partner Stillstand ist R&uuml;ckschritt. Deshalb sind wir stolz darauf, einen Beitrag zu innovativen und nachhaltigen Projekten wie Electric SuperBike Twente, DUT und Green Team Twente zu leisten. Obwohl jedes Projekt seinen eigenen Schwerpunkt hat, haben sie eines gemeinsam: die Gesichter sind alle in die gleiche Richtung gerichtet. Jedes Teammitglied tr&auml;gt mit seinem (wissenschaftlichen) Hintergrundwissen [&hellip;]","og_url":"https:\/\/www.hankamp.nl\/over-hankamp\/trotse-partners\/","og_site_name":"Hankamp Gears","article_modified_time":"2025-01-28T16:41:23+00:00","og_image":[{"url":"http:\/\/www.hankamp.nl\/wp-content\/uploads\/2018\/05\/Electric-SuperBike_2018-300x203.jpg"}],"twitter_misc":{"Gesch\u00e4tzte Lesezeit":"8\u00a0Minuten"},"schema":{"@context":"https:\/\/schema.org","@graph":[{"@type":"WebPage","@id":"https:\/\/www.hankamp.nl\/over-hankamp\/trotse-partners\/","url":"https:\/\/www.hankamp.nl\/over-hankamp\/trotse-partners\/","name":"[:nl]Innovatie[:en]Innovation[:de]Innovation[:] - Hankamp Gears","isPartOf":{"@id":"https:\/\/www.hankamp.nl\/#website"},"primaryImageOfPage":{"@id":"https:\/\/www.hankamp.nl\/over-hankamp\/trotse-partners\/#primaryimage"},"image":{"@id":"https:\/\/www.hankamp.nl\/over-hankamp\/trotse-partners\/#primaryimage"},"thumbnailUrl":"http:\/\/www.hankamp.nl\/wp-content\/uploads\/2018\/05\/Electric-SuperBike_2018-300x203.jpg","datePublished":"2018-04-26T12:27:54+00:00","dateModified":"2025-01-28T16:41:23+00:00","breadcrumb":{"@id":"https:\/\/www.hankamp.nl\/over-hankamp\/trotse-partners\/#breadcrumb"},"inLanguage":"de","potentialAction":[{"@type":"ReadAction","target":["https:\/\/www.hankamp.nl\/over-hankamp\/trotse-partners\/"]}]},{"@type":"ImageObject","inLanguage":"de","@id":"https:\/\/www.hankamp.nl\/over-hankamp\/trotse-partners\/#primaryimage","url":"http:\/\/www.hankamp.nl\/wp-content\/uploads\/2018\/05\/Electric-SuperBike_2018-300x203.jpg","contentUrl":"http:\/\/www.hankamp.nl\/wp-content\/uploads\/2018\/05\/Electric-SuperBike_2018-300x203.jpg"},{"@type":"BreadcrumbList","@id":"https:\/\/www.hankamp.nl\/over-hankamp\/trotse-partners\/#breadcrumb","itemListElement":[{"@type":"ListItem","position":1,"name":"Home","item":"https:\/\/www.hankamp.nl\/"},{"@type":"ListItem","position":2,"name":"Over Hankamp","item":"https:\/\/www.hankamp.nl\/over-hankamp\/"},{"@type":"ListItem","position":3,"name":"Innovatie"}]},{"@type":"WebSite","@id":"https:\/\/www.hankamp.nl\/#website","url":"https:\/\/www.hankamp.nl\/","name":"Hankamp Gears","description":"115 years experience and more","potentialAction":[{"@type":"SearchAction","target":{"@type":"EntryPoint","urlTemplate":"https:\/\/www.hankamp.nl\/?s={search_term_string}"},"query-input":"required name=search_term_string"}],"inLanguage":"de"}]}},"_links":{"self":[{"href":"https:\/\/www.hankamp.nl\/de\/wp-json\/wp\/v2\/pages\/658"}],"collection":[{"href":"https:\/\/www.hankamp.nl\/de\/wp-json\/wp\/v2\/pages"}],"about":[{"href":"https:\/\/www.hankamp.nl\/de\/wp-json\/wp\/v2\/types\/page"}],"author":[{"embeddable":true,"href":"https:\/\/www.hankamp.nl\/de\/wp-json\/wp\/v2\/users\/5"}],"replies":[{"embeddable":true,"href":"https:\/\/www.hankamp.nl\/de\/wp-json\/wp\/v2\/comments?post=658"}],"version-history":[{"count":40,"href":"https:\/\/www.hankamp.nl\/de\/wp-json\/wp\/v2\/pages\/658\/revisions"}],"predecessor-version":[{"id":1383,"href":"https:\/\/www.hankamp.nl\/de\/wp-json\/wp\/v2\/pages\/658\/revisions\/1383"}],"up":[{"embeddable":true,"href":"https:\/\/www.hankamp.nl\/de\/wp-json\/wp\/v2\/pages\/55"}],"wp:attachment":[{"href":"https:\/\/www.hankamp.nl\/de\/wp-json\/wp\/v2\/media?parent=658"}],"curies":[{"name":"wp","href":"https:\/\/api.w.org\/{rel}","templated":true}]}}