{"id":6,"date":"2015-02-22T15:23:02","date_gmt":"2015-02-22T14:23:02","guid":{"rendered":"http:\/\/37.252.121.216\/~deb00012\/?page_id=6"},"modified":"2026-04-09T14:58:38","modified_gmt":"2026-04-09T13:58:38","slug":"home","status":"publish","type":"page","link":"https:\/\/www.hankamp.nl\/de\/","title":{"rendered":"Home"},"content":{"rendered":"<p>Willkommen bei Hankamp Gears BV, dem Spezialisten f\u00fcr die Herstellung von Zahnr\u00e4dern mit sehr genauen Toleranzen. Mit unserem Fachwissen und unserer Erfahrung m\u00f6chten wir Ihnen helfen, die beste L\u00f6sung f\u00fcr Ihr Getriebeproblem zu finden<\/p>\n<p><img loading=\"lazy\" decoding=\"async\" class=\"alignnone size-medium wp-image-1232\" src=\"https:\/\/www.hankamp.nl\/wp-content\/uploads\/2024\/02\/IMG_0896-300x225.jpg\" alt=\"\" width=\"300\" height=\"225\" srcset=\"https:\/\/www.hankamp.nl\/wp-content\/uploads\/2024\/02\/IMG_0896-300x225.jpg 300w, https:\/\/www.hankamp.nl\/wp-content\/uploads\/2024\/02\/IMG_0896-768x576.jpg 768w, https:\/\/www.hankamp.nl\/wp-content\/uploads\/2024\/02\/IMG_0896.jpg 800w\" sizes=\"(max-width: 300px) 100vw, 300px\" \/> <img loading=\"lazy\" decoding=\"async\" class=\"alignnone wp-image-1231\" src=\"https:\/\/www.hankamp.nl\/wp-content\/uploads\/2024\/02\/IMG_0400-300x225.jpg\" alt=\"\" width=\"168\" height=\"224\" \/><\/p>\n<p>Sie k\u00f6nnen uns jederzeit telefonisch oder per E-Mail kontaktieren:<\/p>\n<p>Phone : <strong>+31-53-4753232<\/strong><br \/>\nEmail \u00a0:<strong>\u00a0sales@hankamp.nl<\/strong><\/p>\n<div>\n<h5><\/h5>\n<\/div>\n<p><\/p>","protected":false},"excerpt":{"rendered":"<p>Willkommen bei Hankamp Gears BV, dem Spezialisten f&uuml;r die Herstellung von Zahnr&auml;dern mit sehr genauen Toleranzen. Mit unserem Fachwissen und unserer Erfahrung m&ouml;chten wir Ihnen helfen, die beste L&ouml;sung f&uuml;r Ihr Getriebeproblem zu finden Sie k&ouml;nnen uns jederzeit telefonisch oder per E-Mail kontaktieren: Phone : +31-53-4753232 Email &nbsp;:&nbsp;sales@hankamp.nl<\/p>\n","protected":false},"author":1,"featured_media":0,"parent":0,"menu_order":2,"comment_status":"open","ping_status":"closed","template":"","meta":{"footnotes":""},"yoast_head":"<!-- This site is optimized with the Yoast SEO plugin v22.5 - https:\/\/yoast.com\/wordpress\/plugins\/seo\/ -->\n<title>Hankamp Gears uw tandwielen productie specialist<\/title>\n<meta name=\"description\" content=\"Hankamp Gears is d\u00e9 specialist op het gebied van vervaardiging van hoogwaardige tandwielen. Alle verspanende bewerkingen intern: draaien, frezen en slijpen. Gevestigd in Twente, Enschede.\" \/>\n<meta name=\"robots\" content=\"index, follow, max-snippet:-1, max-image-preview:large, max-video-preview:-1\" \/>\n<link rel=\"canonical\" href=\"https:\/\/www.hankamp.nl\/\" \/>\n<meta property=\"og:locale\" content=\"de_DE\" \/>\n<meta property=\"og:type\" content=\"article\" \/>\n<meta property=\"og:title\" content=\"Hankamp Gears uw tandwielen productie specialist\" \/>\n<meta property=\"og:description\" content=\"Hankamp Gears is d\u00e9 specialist op het gebied van vervaardiging van hoogwaardige tandwielen. Alle verspanende bewerkingen intern: draaien, frezen en slijpen. Gevestigd in Twente, Enschede.\" \/>\n<meta property=\"og:url\" content=\"https:\/\/www.hankamp.nl\/\" \/>\n<meta property=\"og:site_name\" content=\"Hankamp Gears\" \/>\n<meta property=\"article:modified_time\" content=\"2026-04-09T13:58:38+00:00\" \/>\n<meta name=\"twitter:label1\" content=\"Gesch\u00e4tzte Lesezeit\" \/>\n\t<meta name=\"twitter:data1\" content=\"2\u00a0Minuten\" \/>\n<script type=\"application\/ld+json\" class=\"yoast-schema-graph\">{\"@context\":\"https:\/\/schema.org\",\"@graph\":[{\"@type\":\"WebPage\",\"@id\":\"https:\/\/www.hankamp.nl\/\",\"url\":\"https:\/\/www.hankamp.nl\/\",\"name\":\"Hankamp Gears uw tandwielen productie specialist\",\"isPartOf\":{\"@id\":\"https:\/\/www.hankamp.nl\/#website\"},\"primaryImageOfPage\":{\"@id\":\"https:\/\/www.hankamp.nl\/#primaryimage\"},\"image\":{\"@id\":\"https:\/\/www.hankamp.nl\/#primaryimage\"},\"thumbnailUrl\":\"https:\/\/www.hankamp.nl\/wp-content\/uploads\/2024\/02\/IMG_0896-300x225.jpg\",\"datePublished\":\"2015-02-22T14:23:02+00:00\",\"dateModified\":\"2026-04-09T13:58:38+00:00\",\"description\":\"Hankamp Gears is d\u00e9 specialist op het gebied van vervaardiging van hoogwaardige tandwielen. Alle verspanende bewerkingen intern: draaien, frezen en slijpen. Gevestigd in Twente, Enschede.\",\"breadcrumb\":{\"@id\":\"https:\/\/www.hankamp.nl\/#breadcrumb\"},\"inLanguage\":\"de\",\"potentialAction\":[{\"@type\":\"ReadAction\",\"target\":[\"https:\/\/www.hankamp.nl\/\"]}]},{\"@type\":\"ImageObject\",\"inLanguage\":\"de\",\"@id\":\"https:\/\/www.hankamp.nl\/#primaryimage\",\"url\":\"https:\/\/www.hankamp.nl\/wp-content\/uploads\/2024\/02\/IMG_0896-300x225.jpg\",\"contentUrl\":\"https:\/\/www.hankamp.nl\/wp-content\/uploads\/2024\/02\/IMG_0896-300x225.jpg\"},{\"@type\":\"BreadcrumbList\",\"@id\":\"https:\/\/www.hankamp.nl\/#breadcrumb\",\"itemListElement\":[{\"@type\":\"ListItem\",\"position\":1,\"name\":\"Home\",\"item\":\"https:\/\/www.hankamp.nl\/\"},{\"@type\":\"ListItem\",\"position\":2,\"name\":\"Home\"}]},{\"@type\":\"WebSite\",\"@id\":\"https:\/\/www.hankamp.nl\/#website\",\"url\":\"https:\/\/www.hankamp.nl\/\",\"name\":\"Hankamp Gears\",\"description\":\"115 years experience and more\",\"potentialAction\":[{\"@type\":\"SearchAction\",\"target\":{\"@type\":\"EntryPoint\",\"urlTemplate\":\"https:\/\/www.hankamp.nl\/?s={search_term_string}\"},\"query-input\":\"required name=search_term_string\"}],\"inLanguage\":\"de\"}]}<\/script>\n<!-- \/ Yoast SEO plugin. -->","yoast_head_json":{"title":"Hankamp Gears uw tandwielen productie specialist","description":"Hankamp Gears is d\u00e9 specialist op het gebied van vervaardiging van hoogwaardige tandwielen. Alle verspanende bewerkingen intern: draaien, frezen en slijpen. Gevestigd in Twente, Enschede.","robots":{"index":"index","follow":"follow","max-snippet":"max-snippet:-1","max-image-preview":"max-image-preview:large","max-video-preview":"max-video-preview:-1"},"canonical":"https:\/\/www.hankamp.nl\/","og_locale":"de_DE","og_type":"article","og_title":"Hankamp Gears uw tandwielen productie specialist","og_description":"Hankamp Gears is d\u00e9 specialist op het gebied van vervaardiging van hoogwaardige tandwielen. Alle verspanende bewerkingen intern: draaien, frezen en slijpen. Gevestigd in Twente, Enschede.","og_url":"https:\/\/www.hankamp.nl\/","og_site_name":"Hankamp Gears","article_modified_time":"2026-04-09T13:58:38+00:00","twitter_misc":{"Gesch\u00e4tzte Lesezeit":"2\u00a0Minuten"},"schema":{"@context":"https:\/\/schema.org","@graph":[{"@type":"WebPage","@id":"https:\/\/www.hankamp.nl\/","url":"https:\/\/www.hankamp.nl\/","name":"Hankamp Gears uw tandwielen productie specialist","isPartOf":{"@id":"https:\/\/www.hankamp.nl\/#website"},"primaryImageOfPage":{"@id":"https:\/\/www.hankamp.nl\/#primaryimage"},"image":{"@id":"https:\/\/www.hankamp.nl\/#primaryimage"},"thumbnailUrl":"https:\/\/www.hankamp.nl\/wp-content\/uploads\/2024\/02\/IMG_0896-300x225.jpg","datePublished":"2015-02-22T14:23:02+00:00","dateModified":"2026-04-09T13:58:38+00:00","description":"Hankamp Gears is d\u00e9 specialist op het gebied van vervaardiging van hoogwaardige tandwielen. Alle verspanende bewerkingen intern: draaien, frezen en slijpen. Gevestigd in Twente, Enschede.","breadcrumb":{"@id":"https:\/\/www.hankamp.nl\/#breadcrumb"},"inLanguage":"de","potentialAction":[{"@type":"ReadAction","target":["https:\/\/www.hankamp.nl\/"]}]},{"@type":"ImageObject","inLanguage":"de","@id":"https:\/\/www.hankamp.nl\/#primaryimage","url":"https:\/\/www.hankamp.nl\/wp-content\/uploads\/2024\/02\/IMG_0896-300x225.jpg","contentUrl":"https:\/\/www.hankamp.nl\/wp-content\/uploads\/2024\/02\/IMG_0896-300x225.jpg"},{"@type":"BreadcrumbList","@id":"https:\/\/www.hankamp.nl\/#breadcrumb","itemListElement":[{"@type":"ListItem","position":1,"name":"Home","item":"https:\/\/www.hankamp.nl\/"},{"@type":"ListItem","position":2,"name":"Home"}]},{"@type":"WebSite","@id":"https:\/\/www.hankamp.nl\/#website","url":"https:\/\/www.hankamp.nl\/","name":"Hankamp Gears","description":"115 years experience and more","potentialAction":[{"@type":"SearchAction","target":{"@type":"EntryPoint","urlTemplate":"https:\/\/www.hankamp.nl\/?s={search_term_string}"},"query-input":"required name=search_term_string"}],"inLanguage":"de"}]}},"_links":{"self":[{"href":"https:\/\/www.hankamp.nl\/de\/wp-json\/wp\/v2\/pages\/6"}],"collection":[{"href":"https:\/\/www.hankamp.nl\/de\/wp-json\/wp\/v2\/pages"}],"about":[{"href":"https:\/\/www.hankamp.nl\/de\/wp-json\/wp\/v2\/types\/page"}],"author":[{"embeddable":true,"href":"https:\/\/www.hankamp.nl\/de\/wp-json\/wp\/v2\/users\/1"}],"replies":[{"embeddable":true,"href":"https:\/\/www.hankamp.nl\/de\/wp-json\/wp\/v2\/comments?post=6"}],"version-history":[{"count":136,"href":"https:\/\/www.hankamp.nl\/de\/wp-json\/wp\/v2\/pages\/6\/revisions"}],"predecessor-version":[{"id":1488,"href":"https:\/\/www.hankamp.nl\/de\/wp-json\/wp\/v2\/pages\/6\/revisions\/1488"}],"wp:attachment":[{"href":"https:\/\/www.hankamp.nl\/de\/wp-json\/wp\/v2\/media?parent=6"}],"curies":[{"name":"wp","href":"https:\/\/api.w.org\/{rel}","templated":true}]}}