{"id":1467,"date":"2025-09-19T08:07:17","date_gmt":"2025-09-19T07:07:17","guid":{"rendered":"https:\/\/www.hankamp.nl\/?page_id=1467"},"modified":"2025-09-19T09:11:55","modified_gmt":"2025-09-19T08:11:55","slug":"sustainability","status":"publish","type":"page","link":"https:\/\/www.hankamp.nl\/de\/uber-hankamp\/sustainability-2\/","title":{"rendered":"Nachhaltigkeit"},"content":{"rendered":"<p>Durch den Klimawandel und die Verknappung nat\u00fcrlicher Ressourcen werden Gesch\u00e4ftsmodelle, die auf umweltsch\u00e4dlichen Praktiken basieren, immer anf\u00e4lliger. Nachhaltige Innovationen machen Unternehmen widerstandsf\u00e4higer und besser auf zuk\u00fcnftige Marktbedingungen vorbereitet.<br>Durch die Umsetzung von Nachhaltigkeit k\u00f6nnen Unternehmen im Einklang mit ihrer sozialen Verantwortung zu einer ges\u00fcnderen Umwelt und einer gerechteren Gesellschaft beitragen. Nachhaltiges Wirtschaften sorgt daf\u00fcr, dass Unternehmen ihren \u00f6kologischen Fu\u00dfabdruck minimieren.<br>Hankamp Gears hat f\u00fcnf Schritte unternommen, um an der Nachhaltigkeit zu arbeiten:<\/p>\n\n\n\n<ol>\n<li>Durchf\u00fchrung einer Nachhaltigkeitsbewertung<\/li>\n\n\n\n<li>Reduzierung des Energieverbrauchs<\/li>\n\n\n\n<li>Minimierung von Abfall, wo m\u00f6glich Reduzierung, Wiederverwendung und Recycling.<\/li>\n\n\n\n<li>Investition in die Ausbildung und Besch\u00e4ftigung von Mitarbeitern<\/li>\n\n\n\n<li>Festlegung von Nachhaltigkeitszielen und Verfolgung der Fortschritte.<\/li>\n<\/ol>\n\n\n\n<p>Mehr zum Thema Nachhaltigkeit erfahren Sie im Bericht <strong><a href=\"https:\/\/www.hankamp.nl\/wp-content\/uploads\/2025\/09\/Sustainability-Hankamp-Gears-B.V.-2025.pdf\" target=\"_blank\" rel=\"noreferrer noopener\">\u201eSustainability\u201d<\/a><\/strong>.<\/p>\n\n\n\n<p><\/p>","protected":false},"excerpt":{"rendered":"<p>Durch den Klimawandel und die Verknappung nat&uuml;rlicher Ressourcen werden Gesch&auml;ftsmodelle, die auf umweltsch&auml;dlichen Praktiken basieren, immer anf&auml;lliger. Nachhaltige Innovationen machen Unternehmen widerstandsf&auml;higer und besser auf zuk&uuml;nftige Marktbedingungen vorbereitet.Durch die Umsetzung von Nachhaltigkeit k&ouml;nnen Unternehmen im Einklang mit ihrer sozialen Verantwortung zu einer ges&uuml;nderen Umwelt und einer gerechteren Gesellschaft beitragen. Nachhaltiges Wirtschaften sorgt daf&uuml;r, dass Unternehmen [&hellip;]<\/p>\n","protected":false},"author":5,"featured_media":0,"parent":55,"menu_order":4,"comment_status":"closed","ping_status":"closed","template":"","meta":{"footnotes":""},"yoast_head":"<!-- This site is optimized with the Yoast SEO plugin v22.5 - https:\/\/yoast.com\/wordpress\/plugins\/seo\/ -->\n<title>Nachhaltigkeit  - Hankamp Gears<\/title>\n<meta name=\"description\" content=\"Door duurzaamheid te omarmen, kunnen bedrijven hun ecologische voetafdruk minimaliseren. Hankamp onderneemt diverse stappen om aan duurzaamheid te werken.\" \/>\n<meta name=\"robots\" content=\"index, follow, max-snippet:-1, max-image-preview:large, max-video-preview:-1\" \/>\n<link rel=\"canonical\" href=\"https:\/\/www.hankamp.nl\/over-hankamp\/sustainability-2\/\" \/>\n<meta property=\"og:locale\" content=\"de_DE\" \/>\n<meta property=\"og:type\" content=\"article\" \/>\n<meta property=\"og:title\" content=\"[:nl]Duurzaamheid[:en]Sustainability[:de]Nachhaltigkeit [:] - Hankamp Gears\" \/>\n<meta property=\"og:description\" content=\"Door duurzaamheid te omarmen, kunnen bedrijven hun ecologische voetafdruk minimaliseren. Hankamp onderneemt diverse stappen om aan duurzaamheid te werken.\" \/>\n<meta property=\"og:url\" content=\"https:\/\/www.hankamp.nl\/over-hankamp\/sustainability-2\/\" \/>\n<meta property=\"og:site_name\" content=\"Hankamp Gears\" \/>\n<meta property=\"article:modified_time\" content=\"2025-09-19T08:11:55+00:00\" \/>\n<meta name=\"twitter:label1\" content=\"Gesch\u00e4tzte Lesezeit\" \/>\n\t<meta name=\"twitter:data1\" content=\"2\u00a0Minuten\" \/>\n<script type=\"application\/ld+json\" class=\"yoast-schema-graph\">{\"@context\":\"https:\/\/schema.org\",\"@graph\":[{\"@type\":\"WebPage\",\"@id\":\"https:\/\/www.hankamp.nl\/over-hankamp\/sustainability-2\/\",\"url\":\"https:\/\/www.hankamp.nl\/over-hankamp\/sustainability-2\/\",\"name\":\"[:nl]Duurzaamheid[:en]Sustainability[:de]Nachhaltigkeit [:] - Hankamp Gears\",\"isPartOf\":{\"@id\":\"https:\/\/www.hankamp.nl\/#website\"},\"datePublished\":\"2025-09-19T07:07:17+00:00\",\"dateModified\":\"2025-09-19T08:11:55+00:00\",\"description\":\"Door duurzaamheid te omarmen, kunnen bedrijven hun ecologische voetafdruk minimaliseren. Hankamp onderneemt diverse stappen om aan duurzaamheid te werken.\",\"breadcrumb\":{\"@id\":\"https:\/\/www.hankamp.nl\/over-hankamp\/sustainability-2\/#breadcrumb\"},\"inLanguage\":\"de\",\"potentialAction\":[{\"@type\":\"ReadAction\",\"target\":[\"https:\/\/www.hankamp.nl\/over-hankamp\/sustainability-2\/\"]}]},{\"@type\":\"BreadcrumbList\",\"@id\":\"https:\/\/www.hankamp.nl\/over-hankamp\/sustainability-2\/#breadcrumb\",\"itemListElement\":[{\"@type\":\"ListItem\",\"position\":1,\"name\":\"Home\",\"item\":\"https:\/\/www.hankamp.nl\/\"},{\"@type\":\"ListItem\",\"position\":2,\"name\":\"Over Hankamp\",\"item\":\"https:\/\/www.hankamp.nl\/over-hankamp\/\"},{\"@type\":\"ListItem\",\"position\":3,\"name\":\"Duurzaamheid\"}]},{\"@type\":\"WebSite\",\"@id\":\"https:\/\/www.hankamp.nl\/#website\",\"url\":\"https:\/\/www.hankamp.nl\/\",\"name\":\"Hankamp Gears\",\"description\":\"115 years experience and more\",\"potentialAction\":[{\"@type\":\"SearchAction\",\"target\":{\"@type\":\"EntryPoint\",\"urlTemplate\":\"https:\/\/www.hankamp.nl\/?s={search_term_string}\"},\"query-input\":\"required name=search_term_string\"}],\"inLanguage\":\"de\"}]}<\/script>\n<!-- \/ Yoast SEO plugin. -->","yoast_head_json":{"title":"[:nl]Duurzaamheid[:en]Sustainability[:de]Nachhaltigkeit [:] - Hankamp Gears","description":"Door duurzaamheid te omarmen, kunnen bedrijven hun ecologische voetafdruk minimaliseren. Hankamp onderneemt diverse stappen om aan duurzaamheid te werken.","robots":{"index":"index","follow":"follow","max-snippet":"max-snippet:-1","max-image-preview":"max-image-preview:large","max-video-preview":"max-video-preview:-1"},"canonical":"https:\/\/www.hankamp.nl\/over-hankamp\/sustainability-2\/","og_locale":"de_DE","og_type":"article","og_title":"[:nl]Duurzaamheid[:en]Sustainability[:de]Nachhaltigkeit [:] - Hankamp Gears","og_description":"Door duurzaamheid te omarmen, kunnen bedrijven hun ecologische voetafdruk minimaliseren. Hankamp onderneemt diverse stappen om aan duurzaamheid te werken.","og_url":"https:\/\/www.hankamp.nl\/over-hankamp\/sustainability-2\/","og_site_name":"Hankamp Gears","article_modified_time":"2025-09-19T08:11:55+00:00","twitter_misc":{"Gesch\u00e4tzte Lesezeit":"2\u00a0Minuten"},"schema":{"@context":"https:\/\/schema.org","@graph":[{"@type":"WebPage","@id":"https:\/\/www.hankamp.nl\/over-hankamp\/sustainability-2\/","url":"https:\/\/www.hankamp.nl\/over-hankamp\/sustainability-2\/","name":"[:nl]Duurzaamheid[:en]Sustainability[:de]Nachhaltigkeit [:] - Hankamp Gears","isPartOf":{"@id":"https:\/\/www.hankamp.nl\/#website"},"datePublished":"2025-09-19T07:07:17+00:00","dateModified":"2025-09-19T08:11:55+00:00","description":"Door duurzaamheid te omarmen, kunnen bedrijven hun ecologische voetafdruk minimaliseren. Hankamp onderneemt diverse stappen om aan duurzaamheid te werken.","breadcrumb":{"@id":"https:\/\/www.hankamp.nl\/over-hankamp\/sustainability-2\/#breadcrumb"},"inLanguage":"de","potentialAction":[{"@type":"ReadAction","target":["https:\/\/www.hankamp.nl\/over-hankamp\/sustainability-2\/"]}]},{"@type":"BreadcrumbList","@id":"https:\/\/www.hankamp.nl\/over-hankamp\/sustainability-2\/#breadcrumb","itemListElement":[{"@type":"ListItem","position":1,"name":"Home","item":"https:\/\/www.hankamp.nl\/"},{"@type":"ListItem","position":2,"name":"Over Hankamp","item":"https:\/\/www.hankamp.nl\/over-hankamp\/"},{"@type":"ListItem","position":3,"name":"Duurzaamheid"}]},{"@type":"WebSite","@id":"https:\/\/www.hankamp.nl\/#website","url":"https:\/\/www.hankamp.nl\/","name":"Hankamp Gears","description":"115 years experience and more","potentialAction":[{"@type":"SearchAction","target":{"@type":"EntryPoint","urlTemplate":"https:\/\/www.hankamp.nl\/?s={search_term_string}"},"query-input":"required name=search_term_string"}],"inLanguage":"de"}]}},"_links":{"self":[{"href":"https:\/\/www.hankamp.nl\/de\/wp-json\/wp\/v2\/pages\/1467"}],"collection":[{"href":"https:\/\/www.hankamp.nl\/de\/wp-json\/wp\/v2\/pages"}],"about":[{"href":"https:\/\/www.hankamp.nl\/de\/wp-json\/wp\/v2\/types\/page"}],"author":[{"embeddable":true,"href":"https:\/\/www.hankamp.nl\/de\/wp-json\/wp\/v2\/users\/5"}],"replies":[{"embeddable":true,"href":"https:\/\/www.hankamp.nl\/de\/wp-json\/wp\/v2\/comments?post=1467"}],"version-history":[{"count":10,"href":"https:\/\/www.hankamp.nl\/de\/wp-json\/wp\/v2\/pages\/1467\/revisions"}],"predecessor-version":[{"id":1482,"href":"https:\/\/www.hankamp.nl\/de\/wp-json\/wp\/v2\/pages\/1467\/revisions\/1482"}],"up":[{"embeddable":true,"href":"https:\/\/www.hankamp.nl\/de\/wp-json\/wp\/v2\/pages\/55"}],"wp:attachment":[{"href":"https:\/\/www.hankamp.nl\/de\/wp-json\/wp\/v2\/media?parent=1467"}],"curies":[{"name":"wp","href":"https:\/\/api.w.org\/{rel}","templated":true}]}}