{"id":12,"date":"2015-02-22T15:23:43","date_gmt":"2015-02-22T14:23:43","guid":{"rendered":"http:\/\/37.252.121.216\/~deb00012\/?page_id=12"},"modified":"2024-02-29T08:30:25","modified_gmt":"2024-02-29T07:30:25","slug":"kwaliteit","status":"publish","type":"page","link":"https:\/\/www.hankamp.nl\/de\/uber-hankamp\/qualitat\/","title":{"rendered":"Qualit\u00e4t"},"content":{"rendered":"<p><\/p>\n<h2>FMEA<\/h2>\n<p>In den letzten Jahren ist Hankamp Gears dazu \u00fcbergegangen, Failure Mode Effect Analysis (FMEA) in der Arbeitsvorbereitung einzusetzen. Inzwischen ist dieses Qualit\u00e4tssystem im gesamten Betrieb eingef\u00fchrt worden, da es sehr effektiv hilft, die Risiken, die w\u00e4hrend der Produktion von Teilen entstehen, weitestgehend zu minimieren oder ganz zu vermeiden.<\/p>\n<p>Ziel ist nicht nur, den Ausschussprozentsatz, sondern auch die Lieferzeiten und Preise zu minimieren.\u00a0Von all diesen Ma\u00dfnahmen profitiert der Kunde.<\/p>\n<p>Zu FMEA geh\u00f6ren auch Teilgebiete, wie z.B. die Anfertigung von Prozessdia\u00adgrammen, Kontrollpl\u00e4nen, Risikoanalysen, Entwurfzeichnungen usw.<\/p>\n<h2>SPC<\/h2>\n<p>Obwohl Hankamp Gears kleine (1 St\u00fcck) bis mittelgro\u00dfe Serien (250 St\u00fcck) produziert, setzen wir im ganzen Betrieb zur Qualit\u00e4tssicherung auf das SPC-Verfahren.<\/p>\n<p>Mit CPK-Werten, die momentan \u00fcber 1,5 liegen, tun wir alles, um unsere Produktionszeiten zu verk\u00fcrzen und damit die Gesamtkosten f\u00fcr unsere Kunden zu begrenzen.<\/p>\n<h2>EN-ISO 9001:2000\/AS9100 (seit Februar 2015)<\/h2>\n<p>Interne Audits und regelm\u00e4\u00dfige Kontrollen durch unabh\u00e4ngige\u00a0Sachverst\u00e4ndige garantieren, dass unsere Produktion\u00a0den Qualit\u00e4tsnormen EN-ISO 9001:2008, die in unserem Qualit\u00e4tshandbuch festgelegt sind, entsprechen.<\/p>\n<p>Auch auf dem Gebiet\u00a0des Umweltschutzes lassen wir uns von der\u00a0Borger &amp; Borghouts Consultancy beraten, um sicher zu gehen, dass wir nach den geltenden Gesetzen und unsere Mitarbeiter in einer gesunden und guten Umgebung arbeiten. Link:\u00a0<a href=\"https:\/\/www.hankamp.nl\/wp-content\/uploads\/2024\/02\/AS9100-ENGUS-UKAS-2024-2027.pdf\">AS9100-ENGUS-UKAS 2024-2027<\/a><\/p>","protected":false},"excerpt":{"rendered":"<p>FMEA In den letzten Jahren ist Hankamp Gears dazu &uuml;bergegangen, Failure Mode Effect Analysis (FMEA) in der Arbeitsvorbereitung einzusetzen. Inzwischen ist dieses Qualit&auml;tssystem im gesamten Betrieb eingef&uuml;hrt worden, da es sehr effektiv hilft, die Risiken, die w&auml;hrend der Produktion von Teilen entstehen, weitestgehend zu minimieren oder ganz zu vermeiden. Ziel ist nicht nur, den Ausschussprozentsatz, [&hellip;]<\/p>\n","protected":false},"author":1,"featured_media":0,"parent":55,"menu_order":7,"comment_status":"open","ping_status":"closed","template":"","meta":{"footnotes":""},"yoast_head":"<!-- This site is optimized with the Yoast SEO plugin v22.5 - https:\/\/yoast.com\/wordpress\/plugins\/seo\/ -->\n<title>Qualit\u00e4t - Hankamp Gears<\/title>\n<meta name=\"robots\" content=\"index, follow, max-snippet:-1, max-image-preview:large, max-video-preview:-1\" \/>\n<link rel=\"canonical\" href=\"https:\/\/www.hankamp.nl\/over-hankamp\/kwaliteit\/\" \/>\n<meta property=\"og:locale\" content=\"de_DE\" \/>\n<meta property=\"og:type\" content=\"article\" \/>\n<meta property=\"og:title\" content=\"[:nl]Kwaliteit[:en]Quality[:de]Qualit\u00e4t[:] - Hankamp Gears\" \/>\n<meta property=\"og:description\" content=\"FMEA In den letzten Jahren ist Hankamp Gears dazu &uuml;bergegangen, Failure Mode Effect Analysis (FMEA) in der Arbeitsvorbereitung einzusetzen. Inzwischen ist dieses Qualit&auml;tssystem im gesamten Betrieb eingef&uuml;hrt worden, da es sehr effektiv hilft, die Risiken, die w&auml;hrend der Produktion von Teilen entstehen, weitestgehend zu minimieren oder ganz zu vermeiden. Ziel ist nicht nur, den Ausschussprozentsatz, [&hellip;]\" \/>\n<meta property=\"og:url\" content=\"https:\/\/www.hankamp.nl\/over-hankamp\/kwaliteit\/\" \/>\n<meta property=\"og:site_name\" content=\"Hankamp Gears\" \/>\n<meta property=\"article:modified_time\" content=\"2024-02-29T07:30:25+00:00\" \/>\n<meta property=\"og:image\" content=\"https:\/\/www.hankamp.nl\/wp-content\/uploads\/2024\/02\/IMG_0901-225x300.jpg\" \/>\n<meta name=\"twitter:label1\" content=\"Gesch\u00e4tzte Lesezeit\" \/>\n\t<meta name=\"twitter:data1\" content=\"3\u00a0Minuten\" \/>\n<script type=\"application\/ld+json\" class=\"yoast-schema-graph\">{\"@context\":\"https:\/\/schema.org\",\"@graph\":[{\"@type\":\"WebPage\",\"@id\":\"https:\/\/www.hankamp.nl\/over-hankamp\/kwaliteit\/\",\"url\":\"https:\/\/www.hankamp.nl\/over-hankamp\/kwaliteit\/\",\"name\":\"[:nl]Kwaliteit[:en]Quality[:de]Qualit\u00e4t[:] - Hankamp Gears\",\"isPartOf\":{\"@id\":\"https:\/\/www.hankamp.nl\/#website\"},\"primaryImageOfPage\":{\"@id\":\"https:\/\/www.hankamp.nl\/over-hankamp\/kwaliteit\/#primaryimage\"},\"image\":{\"@id\":\"https:\/\/www.hankamp.nl\/over-hankamp\/kwaliteit\/#primaryimage\"},\"thumbnailUrl\":\"https:\/\/www.hankamp.nl\/wp-content\/uploads\/2024\/02\/IMG_0901-225x300.jpg\",\"datePublished\":\"2015-02-22T14:23:43+00:00\",\"dateModified\":\"2024-02-29T07:30:25+00:00\",\"breadcrumb\":{\"@id\":\"https:\/\/www.hankamp.nl\/over-hankamp\/kwaliteit\/#breadcrumb\"},\"inLanguage\":\"de\",\"potentialAction\":[{\"@type\":\"ReadAction\",\"target\":[\"https:\/\/www.hankamp.nl\/over-hankamp\/kwaliteit\/\"]}]},{\"@type\":\"ImageObject\",\"inLanguage\":\"de\",\"@id\":\"https:\/\/www.hankamp.nl\/over-hankamp\/kwaliteit\/#primaryimage\",\"url\":\"https:\/\/www.hankamp.nl\/wp-content\/uploads\/2024\/02\/IMG_0901-225x300.jpg\",\"contentUrl\":\"https:\/\/www.hankamp.nl\/wp-content\/uploads\/2024\/02\/IMG_0901-225x300.jpg\"},{\"@type\":\"BreadcrumbList\",\"@id\":\"https:\/\/www.hankamp.nl\/over-hankamp\/kwaliteit\/#breadcrumb\",\"itemListElement\":[{\"@type\":\"ListItem\",\"position\":1,\"name\":\"Home\",\"item\":\"https:\/\/www.hankamp.nl\/\"},{\"@type\":\"ListItem\",\"position\":2,\"name\":\"Over Hankamp\",\"item\":\"https:\/\/www.hankamp.nl\/over-hankamp\/\"},{\"@type\":\"ListItem\",\"position\":3,\"name\":\"Kwaliteit\"}]},{\"@type\":\"WebSite\",\"@id\":\"https:\/\/www.hankamp.nl\/#website\",\"url\":\"https:\/\/www.hankamp.nl\/\",\"name\":\"Hankamp Gears\",\"description\":\"115 years experience and more\",\"potentialAction\":[{\"@type\":\"SearchAction\",\"target\":{\"@type\":\"EntryPoint\",\"urlTemplate\":\"https:\/\/www.hankamp.nl\/?s={search_term_string}\"},\"query-input\":\"required name=search_term_string\"}],\"inLanguage\":\"de\"}]}<\/script>\n<!-- \/ Yoast SEO plugin. -->","yoast_head_json":{"title":"[:nl]Kwaliteit[:en]Quality[:de]Qualit\u00e4t[:] - Hankamp Gears","robots":{"index":"index","follow":"follow","max-snippet":"max-snippet:-1","max-image-preview":"max-image-preview:large","max-video-preview":"max-video-preview:-1"},"canonical":"https:\/\/www.hankamp.nl\/over-hankamp\/kwaliteit\/","og_locale":"de_DE","og_type":"article","og_title":"[:nl]Kwaliteit[:en]Quality[:de]Qualit\u00e4t[:] - Hankamp Gears","og_description":"FMEA In den letzten Jahren ist Hankamp Gears dazu &uuml;bergegangen, Failure Mode Effect Analysis (FMEA) in der Arbeitsvorbereitung einzusetzen. Inzwischen ist dieses Qualit&auml;tssystem im gesamten Betrieb eingef&uuml;hrt worden, da es sehr effektiv hilft, die Risiken, die w&auml;hrend der Produktion von Teilen entstehen, weitestgehend zu minimieren oder ganz zu vermeiden. Ziel ist nicht nur, den Ausschussprozentsatz, [&hellip;]","og_url":"https:\/\/www.hankamp.nl\/over-hankamp\/kwaliteit\/","og_site_name":"Hankamp Gears","article_modified_time":"2024-02-29T07:30:25+00:00","og_image":[{"url":"https:\/\/www.hankamp.nl\/wp-content\/uploads\/2024\/02\/IMG_0901-225x300.jpg"}],"twitter_misc":{"Gesch\u00e4tzte Lesezeit":"3\u00a0Minuten"},"schema":{"@context":"https:\/\/schema.org","@graph":[{"@type":"WebPage","@id":"https:\/\/www.hankamp.nl\/over-hankamp\/kwaliteit\/","url":"https:\/\/www.hankamp.nl\/over-hankamp\/kwaliteit\/","name":"[:nl]Kwaliteit[:en]Quality[:de]Qualit\u00e4t[:] - Hankamp Gears","isPartOf":{"@id":"https:\/\/www.hankamp.nl\/#website"},"primaryImageOfPage":{"@id":"https:\/\/www.hankamp.nl\/over-hankamp\/kwaliteit\/#primaryimage"},"image":{"@id":"https:\/\/www.hankamp.nl\/over-hankamp\/kwaliteit\/#primaryimage"},"thumbnailUrl":"https:\/\/www.hankamp.nl\/wp-content\/uploads\/2024\/02\/IMG_0901-225x300.jpg","datePublished":"2015-02-22T14:23:43+00:00","dateModified":"2024-02-29T07:30:25+00:00","breadcrumb":{"@id":"https:\/\/www.hankamp.nl\/over-hankamp\/kwaliteit\/#breadcrumb"},"inLanguage":"de","potentialAction":[{"@type":"ReadAction","target":["https:\/\/www.hankamp.nl\/over-hankamp\/kwaliteit\/"]}]},{"@type":"ImageObject","inLanguage":"de","@id":"https:\/\/www.hankamp.nl\/over-hankamp\/kwaliteit\/#primaryimage","url":"https:\/\/www.hankamp.nl\/wp-content\/uploads\/2024\/02\/IMG_0901-225x300.jpg","contentUrl":"https:\/\/www.hankamp.nl\/wp-content\/uploads\/2024\/02\/IMG_0901-225x300.jpg"},{"@type":"BreadcrumbList","@id":"https:\/\/www.hankamp.nl\/over-hankamp\/kwaliteit\/#breadcrumb","itemListElement":[{"@type":"ListItem","position":1,"name":"Home","item":"https:\/\/www.hankamp.nl\/"},{"@type":"ListItem","position":2,"name":"Over Hankamp","item":"https:\/\/www.hankamp.nl\/over-hankamp\/"},{"@type":"ListItem","position":3,"name":"Kwaliteit"}]},{"@type":"WebSite","@id":"https:\/\/www.hankamp.nl\/#website","url":"https:\/\/www.hankamp.nl\/","name":"Hankamp Gears","description":"115 years experience and more","potentialAction":[{"@type":"SearchAction","target":{"@type":"EntryPoint","urlTemplate":"https:\/\/www.hankamp.nl\/?s={search_term_string}"},"query-input":"required name=search_term_string"}],"inLanguage":"de"}]}},"_links":{"self":[{"href":"https:\/\/www.hankamp.nl\/de\/wp-json\/wp\/v2\/pages\/12"}],"collection":[{"href":"https:\/\/www.hankamp.nl\/de\/wp-json\/wp\/v2\/pages"}],"about":[{"href":"https:\/\/www.hankamp.nl\/de\/wp-json\/wp\/v2\/types\/page"}],"author":[{"embeddable":true,"href":"https:\/\/www.hankamp.nl\/de\/wp-json\/wp\/v2\/users\/1"}],"replies":[{"embeddable":true,"href":"https:\/\/www.hankamp.nl\/de\/wp-json\/wp\/v2\/comments?post=12"}],"version-history":[{"count":39,"href":"https:\/\/www.hankamp.nl\/de\/wp-json\/wp\/v2\/pages\/12\/revisions"}],"predecessor-version":[{"id":1259,"href":"https:\/\/www.hankamp.nl\/de\/wp-json\/wp\/v2\/pages\/12\/revisions\/1259"}],"up":[{"embeddable":true,"href":"https:\/\/www.hankamp.nl\/de\/wp-json\/wp\/v2\/pages\/55"}],"wp:attachment":[{"href":"https:\/\/www.hankamp.nl\/de\/wp-json\/wp\/v2\/media?parent=12"}],"curies":[{"name":"wp","href":"https:\/\/api.w.org\/{rel}","templated":true}]}}